{"id":11016,"date":"2025-12-19T16:17:25","date_gmt":"2025-12-19T15:17:25","guid":{"rendered":"https:\/\/www.editions-libel.fr\/maison-edition\/?post_type=product&#038;p=11016"},"modified":"2026-04-10T14:07:51","modified_gmt":"2026-04-10T12:07:51","slug":"jusqua-la-garde","status":"publish","type":"product","link":"https:\/\/www.editions-libel.fr\/maison-edition\/boutique\/jusqua-la-garde\/","title":{"rendered":"Jusqu&rsquo;\u00e0 la garde"},"content":{"rendered":"[vc_row][vc_column][vc_column_text]<a href=\"https:\/\/heyzine.com\/flip-book\/5210bb2346.html\" target=\"_blank\" rel=\"noopener\"><span style=\"text-decoration: underline;\">Feuilleter un extrait<\/span><\/a><br \/>\n<a href=\"https:\/\/www.editions-libel.fr\/maison-edition\/wp-content\/uploads\/DP_Jusqu-a-la-garde-1.pdf\" target=\"_blank\" rel=\"noopener\"><span style=\"text-decoration: underline;\">Dossier de presse<\/span><\/a><br \/>\n<a href=\"https:\/\/www.editions-libel.fr\/maison-edition\/wp-content\/uploads\/NL_Jusqu-a-la-garde.pdf\" target=\"_blank\" rel=\"noopener\"><span style=\"text-decoration: underline;\">Notice libraire<\/span><\/a>[\/vc_column_text][\/vc_column][\/vc_row]\n","protected":false},"excerpt":{"rendered":"<h4>Collection Bambane, co-dirig\u00e9e avec Ludovic Frobert.<\/h4>\n<h2><strong><span style=\"color: red;\">Nouveaut\u00e9 !\u00a0 \u00a0 <\/span><\/strong><strong><span style=\"color: red;\">\u00a0 \u00a0\u00a0<\/span><\/strong><\/h2>\n<p><strong>L&rsquo;assassinat de Sadi Carnot<\/strong><\/p>\n<p>Sadi Carnot est n\u00e9 en 1837, Santo Geronimo Caserio en 1873. L\u2019inversion de deux chiffres croise-t-elle un destin ? Le premier est le rejeton d\u2019une de ces familles pour qui l\u2019histoire politique du si\u00e8cle en passe de s\u2019\u00e9couler a \u00e9t\u00e9 un terrain de jeu ; petit-fils de r\u00e9volutionnaire, fils de r\u00e9publicain, Sadi est pass\u00e9 par l\u2019\u00e9cole Polytechnique avant que la guerre contre la Prusse l\u2019am\u00e8ne \u00e0 son tour sur le terrain politique. \u00c9chappe-t-on \u00e0 un destin familial ? Fils d\u2019une famille pauvre de Lombardie, orphelin de p\u00e8re, le second est envoy\u00e9 en apprentissage \u00e0 12 ans \u00e0 Milan ; figure arch\u00e9typale des mis\u00e8res de la r\u00e9volution industrielle, son engagement l\u2019a tra\u00een\u00e9 sur le chemin de l\u2019exil, en Suisse puis en France. Dans la vague des attentats, Santo est port\u00e9 pendant deux jours par une obsession que nul obstacle, nul doute, ne peuvent contenir. Car c\u2019est la volont\u00e9 forcen\u00e9e du second qui lie leurs noms dans l\u2019histoire, o\u00f9 ils apparaissent comme deux images invers\u00e9es d\u2019une R\u00e9publique qui voyait s\u2019avancer le XX<sup>e<\/sup> si\u00e8cle \u00e0 l\u2019horizon, \u00e9branl\u00e9e par les scandales et les attentats.<\/p>\n<p><span style=\"color: #ff9900;\"><strong>Dans la m\u00eame collection : <a href=\"https:\/\/www.editions-libel.fr\/maison-edition\/boutique\/citroen-et-la-guille\/\" target=\"_blank\" rel=\"noopener\">Citro\u00ebn &amp; la Guille<\/a><\/strong><\/span><\/p>\n","protected":false},"featured_media":11011,"template":"","meta":[],"product_cat":[146,77,82,70,15,17,7,43,22,23,25],"product_tag":[111,95,96,135],"class_list":["post-11016","product","type-product","status-publish","has-post-thumbnail","hentry","product_cat-collection-bambane","product_cat-histoire-2","product_cat-libel","product_cat-litterature","product_cat-histoire","product_cat-lyon","product_cat-nouveautes","product_cat-patrimoines","product_cat-recit","product_cat-regionalisme","product_cat-societe","product_tag-histoire","product_tag-lyon","product_tag-politique","product_tag-violences"],"_links":{"self":[{"href":"https:\/\/www.editions-libel.fr\/maison-edition\/wp-json\/wp\/v2\/product\/11016","targetHints":{"allow":["GET"]}}],"collection":[{"href":"https:\/\/www.editions-libel.fr\/maison-edition\/wp-json\/wp\/v2\/product"}],"about":[{"href":"https:\/\/www.editions-libel.fr\/maison-edition\/wp-json\/wp\/v2\/types\/product"}],"wp:featuredmedia":[{"embeddable":true,"href":"https:\/\/www.editions-libel.fr\/maison-edition\/wp-json\/wp\/v2\/media\/11011"}],"wp:attachment":[{"href":"https:\/\/www.editions-libel.fr\/maison-edition\/wp-json\/wp\/v2\/media?parent=11016"}],"wp:term":[{"taxonomy":"product_cat","embeddable":true,"href":"https:\/\/www.editions-libel.fr\/maison-edition\/wp-json\/wp\/v2\/product_cat?post=11016"},{"taxonomy":"product_tag","embeddable":true,"href":"https:\/\/www.editions-libel.fr\/maison-edition\/wp-json\/wp\/v2\/product_tag?post=11016"}],"curies":[{"name":"wp","href":"https:\/\/api.w.org\/{rel}","templated":true}]}}