{"id":11005,"date":"2025-12-19T09:39:43","date_gmt":"2025-12-19T08:39:43","guid":{"rendered":"https:\/\/www.editions-libel.fr\/maison-edition\/?post_type=product&#038;p=11005"},"modified":"2026-04-10T14:08:21","modified_gmt":"2026-04-10T12:08:21","slug":"citroen-et-la-guille","status":"publish","type":"product","link":"https:\/\/www.editions-libel.fr\/maison-edition\/boutique\/citroen-et-la-guille\/","title":{"rendered":"Citro\u00ebn &#038; la Guille"},"content":{"rendered":"[vc_row][vc_column][vc_column_text]<a href=\"https:\/\/heyzine.com\/flip-book\/7a96ff16bf.html\" target=\"_blank\" rel=\"noopener\"><span style=\"text-decoration: underline;\">Feuilleter un extrait<\/span><\/a><br \/>\n<a href=\"https:\/\/www.editions-libel.fr\/maison-edition\/wp-content\/uploads\/DP_Citroen-et-la-Guille-1.pdf\" target=\"_blank\" rel=\"noopener\"><span style=\"text-decoration: underline;\">Dossier de presse<\/span><\/a><br \/>\n<a href=\"https:\/\/www.editions-libel.fr\/maison-edition\/wp-content\/uploads\/NL_Citroen-et-la-Guille.pdf\" target=\"_blank\" rel=\"noopener\"><span style=\"text-decoration: underline;\">Notice libraire<\/span><\/a><\/p>\n<h4><strong><a href=\"https:\/\/www.editions-libel.fr\/maison-edition\/2026\/04\/03\/citroen-et-la-guille-presse\/\" target=\"_blank\" rel=\"noopener\">On en parle !<\/a><\/strong><\/h4>\n<p><strong>G\u00e9o carrefour <\/strong>\u2013 29 mars 2026 \u203a <a href=\"https:\/\/journals.openedition.org\/geocarrefour\/26384\" target=\"_blank\" rel=\"noopener\">Lire l\u2019article<\/a>[\/vc_column_text][\/vc_column][\/vc_row]\n","protected":false},"excerpt":{"rendered":"<h4>Collection Bambane, co-dirig\u00e9e avec Ludovic Frobert.<\/h4>\n<h2><strong><span style=\"color: red;\">Nouveaut\u00e9 ! <\/span><\/strong><strong><span style=\"color: red;\">\u00a0 \u00a0\u00a0<\/span><\/strong><\/h2>\n<p>Citro\u00ebn &amp; la Guille, ou comment un b\u00e2timent change avec son quartier. Et r\u00e9ciproquement.<\/p>\n<p>1932 voit \u00e0 Lyon l\u2019ouverture d\u2019une immense succursale Citro\u00ebn dans le faubourg populaire et industrieux de la Guilloti\u00e8re. Cette cath\u00e9drale de l\u2019automobile, devenue tour \u00e0 tour station-service, monument historique et \u00e9cole de commerce, est le t\u00e9moin silencieux de la m\u00e9tamorphose \u2014 et de la gentrification \u2014 de la Guilloti\u00e8re. Cette transformation du garage et de son quartier d\u2019implantation est abord\u00e9e ici dans le temps long, par touches successives et \u00e0 travers plusieurs personnages, qu\u2019ils soient fictifs ou bien r\u00e9els.<\/p>\n<p>Ce r\u00e9cit s&rsquo;accompagne d&rsquo;aquarelles de <a href=\"https:\/\/www.editions-libel.fr\/maison-edition\/boutique\/trabouler\/\" target=\"_blank\" rel=\"noopener\">Fachri Maulana<\/a>, faisant surgir le b\u00e2timent tel qu&rsquo;il appara\u00eet aujourd&rsquo;hui au c\u0153ur de Lyon.<\/p>\n<p>&nbsp;<\/p>\n<p><span style=\"color: #ff9900;\"><strong>Dans la m\u00eame collection : <a href=\"https:\/\/www.editions-libel.fr\/maison-edition\/boutique\/jusqua-la-garde-2\/\" target=\"_blank\" rel=\"noopener\">Jusqu&rsquo;\u00e0 la garde<\/a><\/strong><\/span><\/p>\n","protected":false},"featured_media":11006,"template":"","meta":[],"product_cat":[146,77,82,70,11,15,17,7,43,22,23,25,26],"product_tag":[109,111,95,112,110,123],"class_list":["post-11005","product","type-product","status-publish","has-post-thumbnail","hentry","product_cat-collection-bambane","product_cat-histoire-2","product_cat-libel","product_cat-litterature","product_cat-architecture","product_cat-histoire","product_cat-lyon","product_cat-nouveautes","product_cat-patrimoines","product_cat-recit","product_cat-regionalisme","product_cat-societe","product_cat-urbanisme","product_tag-architecture","product_tag-histoire","product_tag-lyon","product_tag-monument-historique","product_tag-patrimoine","product_tag-ville"],"_links":{"self":[{"href":"https:\/\/www.editions-libel.fr\/maison-edition\/wp-json\/wp\/v2\/product\/11005","targetHints":{"allow":["GET"]}}],"collection":[{"href":"https:\/\/www.editions-libel.fr\/maison-edition\/wp-json\/wp\/v2\/product"}],"about":[{"href":"https:\/\/www.editions-libel.fr\/maison-edition\/wp-json\/wp\/v2\/types\/product"}],"wp:featuredmedia":[{"embeddable":true,"href":"https:\/\/www.editions-libel.fr\/maison-edition\/wp-json\/wp\/v2\/media\/11006"}],"wp:attachment":[{"href":"https:\/\/www.editions-libel.fr\/maison-edition\/wp-json\/wp\/v2\/media?parent=11005"}],"wp:term":[{"taxonomy":"product_cat","embeddable":true,"href":"https:\/\/www.editions-libel.fr\/maison-edition\/wp-json\/wp\/v2\/product_cat?post=11005"},{"taxonomy":"product_tag","embeddable":true,"href":"https:\/\/www.editions-libel.fr\/maison-edition\/wp-json\/wp\/v2\/product_tag?post=11005"}],"curies":[{"name":"wp","href":"https:\/\/api.w.org\/{rel}","templated":true}]}}