{"id":10858,"date":"2025-11-07T14:33:03","date_gmt":"2025-11-07T13:33:03","guid":{"rendered":"https:\/\/www.editions-libel.fr\/maison-edition\/?post_type=product&#038;p=10858"},"modified":"2026-04-23T10:32:29","modified_gmt":"2026-04-23T08:32:29","slug":"le-grand-hotel-dieu-de-lyon-carnet-de-voyage","status":"publish","type":"product","link":"https:\/\/www.editions-libel.fr\/maison-edition\/boutique\/le-grand-hotel-dieu-de-lyon-carnet-de-voyage\/","title":{"rendered":"Le Grand H\u00f4tel-Dieu de Lyon"},"content":{"rendered":"[vc_row][vc_column][vc_column_text]<a href=\"https:\/\/heyzine.com\/flip-book\/ac9101917c.html\" target=\"_blank\" rel=\"noopener\"><span style=\"text-decoration: underline;\">Feuilleter un extrait<\/span><\/a><br \/>\n<a href=\"https:\/\/www.editions-libel.fr\/maison-edition\/wp-content\/uploads\/DP_GHD-Carnet-de-voyage-1.pdf\" target=\"_blank\" rel=\"noopener\"><span style=\"text-decoration: underline;\">Dossier de presse<\/span><\/a><br \/>\n<a href=\"https:\/\/www.editions-libel.fr\/maison-edition\/wp-content\/uploads\/NL_GHD-Carnet-de-voyage.pdf\" target=\"_blank\" rel=\"noopener\"><span style=\"text-decoration: underline;\">Notice libraire<\/span><\/a>[\/vc_column_text][\/vc_column][\/vc_row]\n","protected":false},"excerpt":{"rendered":"<h2><strong>Carnet de voyage<\/strong><strong>\u00a0\u00a0<\/strong><\/h2>\n<p>&nbsp;<\/p>\n<p>\u00ab\u00a0Quiconque venant de l&rsquo;est depuis la rive gauche du Rh\u00f4ne reste impressionn\u00e9 par la silhouette monumentale de ce qui fut, durant plusieurs si\u00e8cles, l&rsquo;un des plus grands h\u00f4pitaux de la ville\u00a0\u00bb<\/p>\n<p>Hier symbole de la g\u00e9n\u00e9rosit\u00e9, de l&rsquo;intelligence de c\u0153ur et du savoir m\u00e9dical, le Grand H\u00f4tel-Dieu de Lyon appara\u00eet de nos jours comme le mod\u00e8le de reconversion r\u00e9ussie d&rsquo;un monument historique qui se laisse contempler, approcher et admirer. Si cela semble aller de soi aujourd&rsquo;hui, il en fut autrement au moment de la fermeture en 2010 de l&rsquo;h\u00f4pital par les Hospices Civils de Lyon (H.C.L), propri\u00e9taires historiques. La d\u00e9cision de la reconversion de l&rsquo;antique h\u00f4pital, si cher aux Lyonnais dont un bon nombre y est n\u00e9, r\u00e9sultait du constat que la m\u00e9decine du XXI<sup>e<\/sup> si\u00e8cle ne trouvait plus ici les moyens de son efficience.<\/p>\n<p><strong>Dans ce carnet de voyage \u00e0 travers les si\u00e8cles, d\u00e9couvrez la fascinante histoire du Grand H\u00f4tel-Dieu de Lyon.<\/strong><\/p>\n<p class=\"p1\"><em><br \/>\nCet ouvrage est \u00e9dit\u00e9 avec le soutien de la R\u00e9gion Auvergne-Rh\u00f4ne-Alpes<\/em><\/p>\n<p>&nbsp;<\/p>\n","protected":false},"featured_media":10853,"template":"","meta":[],"product_cat":[77,82,11,15,17,7,43,23],"product_tag":[109,117,118,111,95,112,110],"class_list":["post-10858","product","type-product","status-publish","has-post-thumbnail","hentry","product_cat-histoire-2","product_cat-libel","product_cat-architecture","product_cat-histoire","product_cat-lyon","product_cat-nouveautes","product_cat-patrimoines","product_cat-regionalisme","product_tag-architecture","product_tag-art","product_tag-croquis","product_tag-histoire","product_tag-lyon","product_tag-monument-historique","product_tag-patrimoine"],"_links":{"self":[{"href":"https:\/\/www.editions-libel.fr\/maison-edition\/wp-json\/wp\/v2\/product\/10858","targetHints":{"allow":["GET"]}}],"collection":[{"href":"https:\/\/www.editions-libel.fr\/maison-edition\/wp-json\/wp\/v2\/product"}],"about":[{"href":"https:\/\/www.editions-libel.fr\/maison-edition\/wp-json\/wp\/v2\/types\/product"}],"wp:featuredmedia":[{"embeddable":true,"href":"https:\/\/www.editions-libel.fr\/maison-edition\/wp-json\/wp\/v2\/media\/10853"}],"wp:attachment":[{"href":"https:\/\/www.editions-libel.fr\/maison-edition\/wp-json\/wp\/v2\/media?parent=10858"}],"wp:term":[{"taxonomy":"product_cat","embeddable":true,"href":"https:\/\/www.editions-libel.fr\/maison-edition\/wp-json\/wp\/v2\/product_cat?post=10858"},{"taxonomy":"product_tag","embeddable":true,"href":"https:\/\/www.editions-libel.fr\/maison-edition\/wp-json\/wp\/v2\/product_tag?post=10858"}],"curies":[{"name":"wp","href":"https:\/\/api.w.org\/{rel}","templated":true}]}}