{"id":10748,"date":"2025-09-25T15:15:34","date_gmt":"2025-09-25T13:15:34","guid":{"rendered":"https:\/\/www.editions-libel.fr\/maison-edition\/?post_type=product&#038;p=10748"},"modified":"2026-04-17T10:50:11","modified_gmt":"2026-04-17T08:50:11","slug":"antti-lovag","status":"publish","type":"product","link":"https:\/\/www.editions-libel.fr\/maison-edition\/boutique\/antti-lovag\/","title":{"rendered":"Antti Lovag"},"content":{"rendered":"[vc_row][vc_column][vc_column_text]<a href=\"https:\/\/heyzine.com\/flip-book\/0ff0fb9b25.html\" target=\"_blank\" rel=\"noopener\"><span style=\"text-decoration: underline;\">Feuilleter un extrait<\/span><\/a><br \/>\n<a href=\"https:\/\/www.editions-libel.fr\/maison-edition\/wp-content\/uploads\/DP_Antti-Lovag-1.pdf\" target=\"_blank\" rel=\"noopener\"><span style=\"text-decoration: underline;\">Dossier de presse<\/span><\/a><br \/>\n<a href=\"https:\/\/www.editions-libel.fr\/maison-edition\/wp-content\/uploads\/NL_Antti-Lovag-1.pdf\" target=\"_blank\" rel=\"noopener\"><span style=\"text-decoration: underline;\">Notice libraire<\/span><\/a>[\/vc_column_text][\/vc_column][\/vc_row]\n","protected":false},"excerpt":{"rendered":"<p>&nbsp;<\/p>\n<p><strong>L&rsquo;habitation apr\u00e8s le palais bulles<\/strong><\/p>\n<p>Antti Lovag, architecte n\u00e9 en Hongrie en 1920 et ayant exerc\u00e9 son activit\u00e9 en France jusqu\u2019\u00e0 sa mort en 2014, est un pr\u00e9curseur des maisons bulles et de l\u2019architecture organique.<\/p>\n<p>Concepteur et constructeur du fameux \u00ab\u00a0Palais Bulles\u00a0\u00bb de Th\u00e9oule-sur-Mer acquis en 1992 par le couturier Pierre Cardin, il aura pass\u00e9 sa vie \u00e0 th\u00e9oriser \u00ab\u00a0l\u2019habitologie\u00a0\u00bb, autour d\u2019habitations inspir\u00e9es des formes de la nature, en harmonie avec la morphologie humaine.<\/p>\n<p>Entre 1986 et 1991, il con\u00e7oit et construit avec ses propri\u00e9taires une villa aujourd\u2019hui inscrite en totalit\u00e9 au titre des Monuments historiques. Cette maison d\u2019habitation, v\u00e9ritable creuset des conceptions d\u2019Antti Lovag, rassemble \u00e0 elle seule toutes les pr\u00e9occupations de l\u2019architecte en mati\u00e8re de fonctionnement, d\u2019\u00e9quipement et de meubles.<\/p>\n<p>Le pr\u00e9sent ouvrage donne \u00e0 lire et \u00e0 voir cette aventure particuli\u00e8re, ses acteurs et son processus de conception, en m\u00eame temps qu\u2019il\u00a0propose un ensemble de donn\u00e9es techniques aptes \u00e0 aider les autoconstructeurs tent\u00e9s par une exp\u00e9rience similaire.<\/p>\n<p>&nbsp;<\/p>\n<p><strong><span style=\"color: red;\">\u00a0 \u00a0 \u00a0 \u00a0 \u00a0 \u00a0 \u00a0 \u00a0 \u00a0 \u00a0 \u00a0 \u00a0 \u00a0 \u00a0 \u00a0 \u00a0 \u00a0 \u00a0 \u00a0 \u00a0 \u00a0 \u00a0 \u00a0 \u00a0 \u00a0 \u00a0 \u00a0 \u00a0 \u00a0 \u00a0 \u00a0 \u00a0 \u00a0 \u00a0 \u00a0 \u00a0 \u00a0 \u00a0 \u00a0 \u00a0 \u00a0 \u00a0 \u00a0 \u00a0 \u00a0 \u00a0 \u00a0 \u00a0 \u00a0 \u00a0 \u00a0 \u00a0 \u00a0 \u00a0 \u00a0 \u00a0 \u00a0 \u00a0 \u00a0 \u00a0 \u00a0 \u00a0 \u00a0 \u00a0 \u00a0 \u00a0 \u00a0 \u00a0 \u00a0 \u00a0 \u00a0 \u00a0 \u00a0 \u00a0 \u00a0 \u00a0 \u00a0 \u00a0 \u00a0 \u00a0 \u00a0 \u00a0 \u00a0 \u00a0 \u00a0 \u00a0 \u00a0 \u00a0 \u00a0 \u00a0 \u00a0 \u00a0 \u00a0 \u00a0 \u00a0 \u00a0 \u00a0 \u00a0 \u00a0 \u00a0 \u00a0 \u00a0 \u00a0 \u00a0 \u00a0 \u00a0 \u00a0 \u00a0 \u00a0 \u00a0 \u00a0 \u00a0 \u00a0 \u00a0 \u00a0 \u00a0 \u00a0 \u00a0 \u00a0 \u00a0\u00a0<\/span><\/strong><\/p>\n<p>&nbsp;<\/p>\n","protected":false},"featured_media":10745,"template":"","meta":[],"product_cat":[77,82,11,15,17,43,23,25],"product_tag":[109,117,113,111,112],"class_list":["post-10748","product","type-product","status-publish","has-post-thumbnail","hentry","product_cat-histoire-2","product_cat-libel","product_cat-architecture","product_cat-histoire","product_cat-lyon","product_cat-patrimoines","product_cat-regionalisme","product_cat-societe","product_tag-architecture","product_tag-art","product_tag-design","product_tag-histoire","product_tag-monument-historique"],"_links":{"self":[{"href":"https:\/\/www.editions-libel.fr\/maison-edition\/wp-json\/wp\/v2\/product\/10748","targetHints":{"allow":["GET"]}}],"collection":[{"href":"https:\/\/www.editions-libel.fr\/maison-edition\/wp-json\/wp\/v2\/product"}],"about":[{"href":"https:\/\/www.editions-libel.fr\/maison-edition\/wp-json\/wp\/v2\/types\/product"}],"wp:featuredmedia":[{"embeddable":true,"href":"https:\/\/www.editions-libel.fr\/maison-edition\/wp-json\/wp\/v2\/media\/10745"}],"wp:attachment":[{"href":"https:\/\/www.editions-libel.fr\/maison-edition\/wp-json\/wp\/v2\/media?parent=10748"}],"wp:term":[{"taxonomy":"product_cat","embeddable":true,"href":"https:\/\/www.editions-libel.fr\/maison-edition\/wp-json\/wp\/v2\/product_cat?post=10748"},{"taxonomy":"product_tag","embeddable":true,"href":"https:\/\/www.editions-libel.fr\/maison-edition\/wp-json\/wp\/v2\/product_tag?post=10748"}],"curies":[{"name":"wp","href":"https:\/\/api.w.org\/{rel}","templated":true}]}}