{"id":10569,"date":"2025-06-10T10:25:06","date_gmt":"2025-06-10T08:25:06","guid":{"rendered":"https:\/\/www.editions-libel.fr\/maison-edition\/?post_type=product&#038;p=10569"},"modified":"2026-01-16T10:25:09","modified_gmt":"2026-01-16T09:25:09","slug":"faire-place","status":"publish","type":"product","link":"https:\/\/www.editions-libel.fr\/maison-edition\/boutique\/faire-place\/","title":{"rendered":"Faire place"},"content":{"rendered":"[vc_row][vc_column][vc_column_text]<a href=\"https:\/\/heyzine.com\/flip-book\/f81606075e.html\" target=\"_blank\" rel=\"noopener\"><span style=\"text-decoration: underline;\">Feuilleter un extrait<\/span><\/a><br \/>\n<a href=\"https:\/\/www.editions-libel.fr\/maison-edition\/wp-content\/uploads\/DP_FAIREPLACE-1.pdf\" target=\"_blank\" rel=\"noopener\"><span style=\"text-decoration: underline;\">Dossier de presse<\/span><\/a><br \/>\n<a href=\"https:\/\/www.editions-libel.fr\/maison-edition\/wp-content\/uploads\/NOTICE_LIBEL_FAIRE-PLACE.pdf\" target=\"_blank\" rel=\"noopener\"><span style=\"text-decoration: underline;\">Notice libraire<\/span><\/a>[\/vc_column_text][\/vc_column][\/vc_row][vc_row][vc_column][vc_column_text]\n<h4><strong><a href=\"https:\/\/www.editions-libel.fr\/maison-edition\/2025\/12\/22\/faire-place-presse\/\" target=\"_blank\" rel=\"noopener\">On en parle !<\/a><\/strong><\/h4>\n<p><strong>Nouveau Lyon\u00a0 <\/strong>&#8211; d\u00e9cembre 2025 \u203a <a href=\"https:\/\/www.editions-libel.fr\/maison-edition\/wp-content\/uploads\/2025-12-01_Nouveau-Lyon_Faire-place.pdf\" target=\"_blank\" rel=\"noopener\">Lire la recommandation<\/a><br \/>\n<strong>Archiscopie\u00a0 <\/strong>&#8211; 10 octobre 2025 \u203a <a href=\"https:\/\/www.editions-libel.fr\/maison-edition\/wp-content\/uploads\/2025-10-01_Archiscopie_Faire-Place-rotated.jpeg\" target=\"_blank\" rel=\"noopener\">Lire la recommandation<\/a><\/p>\n[\/vc_column_text][\/vc_column][\/vc_row]\n","protected":false},"excerpt":{"rendered":"<h2><strong><span style=\"color: #ff0000;\"><b>\u00c9puis\u00e9<\/b><\/span><\/strong><\/h2>\n<p><strong>20 projets urbains face aux transitions dans la m\u00e9tropole de Lyon<\/strong><\/p>\n<p>Ce livre constitue le guide des 20 visites urbaines qui parcourent la ville de Lyon \u00e0 l\u2019occasion des 11e Entretiens de l\u2019Am\u00e9nagement de juin 2025.<\/p>\n<p>Ces Entretiens r\u00e9unissent tous les trois ans des centaines d\u2019acteurs publics et priv\u00e9s de l\u2019am\u00e9nagement urbain pour mettre en d\u00e9bat les grands enjeux de transformation des villes. En accueillant cet \u00e9v\u00e8nement o\u00f9 se m\u00ealent \u00e9changes en salles et visites sur le terrain, l\u2019agglom\u00e9ration lyonnaise invite \u00e0 une \u00e9mulsion entre les id\u00e9es et la pratique de l\u2019urbanisme.<br \/>\nCes 20 visites lyonnaises \u00e0 suivre au fil des pages introduisent ainsi les 20 projets urbains s\u00e9lectionn\u00e9s pour les Entretiens. Le territoire de la M\u00e9tropole de Lyon donne ici \u00e0 voir un \u00e9chantillon de sites repr\u00e9sentatifs des grandes probl\u00e9matiques urbaines du moment : mutation des espaces publics face aux d\u00e9fis climatiques, crise du logement, urbanisme transitoire, sobri\u00e9t\u00e9 fonci\u00e8re, etc.<\/p>\n<p>Bonnes visites et bonne lecture !<\/p>\n","protected":false},"featured_media":10702,"template":"","meta":[],"product_cat":[71,77,82,11,8,15,17,43,23,25,26],"product_tag":[120,92,127,111,95,96,119,123],"class_list":["post-10569","product","type-product","status-publish","has-post-thumbnail","hentry","product_cat-arts","product_cat-histoire-2","product_cat-libel","product_cat-architecture","product_cat-epuises","product_cat-histoire","product_cat-lyon","product_cat-patrimoines","product_cat-regionalisme","product_cat-societe","product_cat-urbanisme","product_tag-amenagement","product_tag-ecologie","product_tag-geographie","product_tag-histoire","product_tag-lyon","product_tag-politique","product_tag-urbanisme","product_tag-ville"],"_links":{"self":[{"href":"https:\/\/www.editions-libel.fr\/maison-edition\/wp-json\/wp\/v2\/product\/10569","targetHints":{"allow":["GET"]}}],"collection":[{"href":"https:\/\/www.editions-libel.fr\/maison-edition\/wp-json\/wp\/v2\/product"}],"about":[{"href":"https:\/\/www.editions-libel.fr\/maison-edition\/wp-json\/wp\/v2\/types\/product"}],"wp:featuredmedia":[{"embeddable":true,"href":"https:\/\/www.editions-libel.fr\/maison-edition\/wp-json\/wp\/v2\/media\/10702"}],"wp:attachment":[{"href":"https:\/\/www.editions-libel.fr\/maison-edition\/wp-json\/wp\/v2\/media?parent=10569"}],"wp:term":[{"taxonomy":"product_cat","embeddable":true,"href":"https:\/\/www.editions-libel.fr\/maison-edition\/wp-json\/wp\/v2\/product_cat?post=10569"},{"taxonomy":"product_tag","embeddable":true,"href":"https:\/\/www.editions-libel.fr\/maison-edition\/wp-json\/wp\/v2\/product_tag?post=10569"}],"curies":[{"name":"wp","href":"https:\/\/api.w.org\/{rel}","templated":true}]}}