{"id":10095,"date":"2024-11-25T10:41:55","date_gmt":"2024-11-25T09:41:55","guid":{"rendered":"https:\/\/www.editions-libel.fr\/maison-edition\/?post_type=product&#038;p=10095"},"modified":"2025-11-21T11:33:06","modified_gmt":"2025-11-21T10:33:06","slug":"quentin-de-lyon","status":"publish","type":"product","link":"https:\/\/www.editions-libel.fr\/maison-edition\/boutique\/quentin-de-lyon\/","title":{"rendered":"Quentin de Lyon"},"content":{"rendered":"[vc_row][vc_column][vc_column_text]<a href=\"https:\/\/heyzine.com\/flip-book\/12bbf68631.html\" target=\"_blank\" rel=\"noopener\"><span style=\"text-decoration: underline;\">Feuilleter un extrait<\/span><\/a><br \/>\n<a href=\"https:\/\/www.editions-libel.fr\/maison-edition\/wp-content\/uploads\/LIBEL_DP_QDL-1.pdf\" target=\"_blank\" rel=\"noopener\"><span style=\"text-decoration: underline;\">Dossier de presse<\/span><\/a><br \/>\n<a href=\"https:\/\/www.editions-libel.fr\/maison-edition\/wp-content\/uploads\/NOTICE_LIBEL_QUENTIN-DE-LYON.pdf\" target=\"_blank\" rel=\"noopener\"><span style=\"text-decoration: underline;\">Notice libraire<\/span><\/a>[\/vc_column_text][\/vc_column][\/vc_row]\n","protected":false},"excerpt":{"rendered":"<p><strong><span style=\"color: #cc0000;\">\u00a0<\/span><\/strong><\/p>\n<p>En 1552, Quentin, jeune campagnard, arrive \u00e0 Lyon pour retrouver sa famille de p\u00eacheurs. \u00c9bloui par la ville, il se lie d\u2019amiti\u00e9, mais assiste bient\u00f4t, impuissant, aux ex\u00e9cutions provoqu\u00e9es par le conflit entre catholiques et protestants. Dans ce chaos, il cherche \u00e0 comprendre le monde et \u00e0 y trouver sa place. Ses rencontres \u2013 banquiers, \u00e9rudits, et surtout Loyse, une jeune prostitu\u00e9e dont il tombe amoureux \u2013 l\u2019aident \u00e0 traverser une jeunesse faite de violences et de f\u00eates. Son r\u00e9cit est le journal d\u2019une d\u00e9sillusion, que l\u2019amour sait effacer.<\/p>\n<p class=\"p1\"><em>Cet ouvrage est \u00e9dit\u00e9 avec le soutien de la R\u00e9gion Auvergne-Rh\u00f4ne-Alpes<\/em><\/p>\n","protected":false},"featured_media":10100,"template":"","meta":[],"product_cat":[77,82,70,15,17,43,22],"product_tag":[125,111,95,133,98,123],"class_list":["post-10095","product","type-product","status-publish","has-post-thumbnail","hentry","product_cat-histoire-2","product_cat-libel","product_cat-litterature","product_cat-histoire","product_cat-lyon","product_cat-patrimoines","product_cat-recit","product_tag-communaute","product_tag-histoire","product_tag-lyon","product_tag-roman","product_tag-spiritualite","product_tag-ville"],"_links":{"self":[{"href":"https:\/\/www.editions-libel.fr\/maison-edition\/wp-json\/wp\/v2\/product\/10095","targetHints":{"allow":["GET"]}}],"collection":[{"href":"https:\/\/www.editions-libel.fr\/maison-edition\/wp-json\/wp\/v2\/product"}],"about":[{"href":"https:\/\/www.editions-libel.fr\/maison-edition\/wp-json\/wp\/v2\/types\/product"}],"wp:featuredmedia":[{"embeddable":true,"href":"https:\/\/www.editions-libel.fr\/maison-edition\/wp-json\/wp\/v2\/media\/10100"}],"wp:attachment":[{"href":"https:\/\/www.editions-libel.fr\/maison-edition\/wp-json\/wp\/v2\/media?parent=10095"}],"wp:term":[{"taxonomy":"product_cat","embeddable":true,"href":"https:\/\/www.editions-libel.fr\/maison-edition\/wp-json\/wp\/v2\/product_cat?post=10095"},{"taxonomy":"product_tag","embeddable":true,"href":"https:\/\/www.editions-libel.fr\/maison-edition\/wp-json\/wp\/v2\/product_tag?post=10095"}],"curies":[{"name":"wp","href":"https:\/\/api.w.org\/{rel}","templated":true}]}}