{"id":897,"date":"2016-03-31T09:33:42","date_gmt":"2016-03-31T08:33:42","guid":{"rendered":"http:\/\/www.editions-libel.fr\/2016\/?page_id=897"},"modified":"2016-07-20T11:38:34","modified_gmt":"2016-07-20T10:38:34","slug":"mentions-legales","status":"publish","type":"page","link":"https:\/\/www.editions-libel.fr\/maison-edition\/mentions-legales\/","title":{"rendered":"Mentions l\u00e9gales"},"content":{"rendered":"[vc_row el_class=\u00a0\u00bbmentions-legales\u00a0\u00bb][vc_column width=\u00a0\u00bb1\/2&Prime;][vc_column_text]\u00c9DITIONS LIBEL<\/p>\n<p>Coordination du projet :<br \/>\nEstelle Bourgeon, Beno\u00eet Roux<\/p>\n<p>Photographies :<br \/>\nTous droits de reproduction des textes et des images r\u00e9serv\u00e9s et soumis \u00e0 autorisation des \u00e9ditions Libel<\/p>\n<p>Production et r\u00e9alisation :<br \/>\n\u00c9DITIONS LIBEL, Lyon<br \/>\nLA BOITE WEB, Lyon<br \/>\n<a href=\"http:\/\/laboiteweb.fr\/\" target=\"_blank\">www.laboiteweb.fr<\/a><\/p>\n<p>Conception graphique, illustrations :<br \/>\nGraphica | Fanny Lanz (<a href=\"http:\/\/graphica.fr\" target=\"_blank\">www.graphica.fr<\/a>)<br \/>\nSt\u00e9phane Fr\u00e9mine (<a href=\"http:\/\/laboiteweb.fr\/\" target=\"_blank\">www.laboiteweb.fr<\/a>)<\/p>\n<p>Int\u00e9gration &amp; webmaster :<br \/>\nSt\u00e9phane Fr\u00e9mine (<a href=\"http:\/\/laboiteweb.fr\/\" target=\"_blank\">www.laboiteweb.fr<\/a>)<br \/>\nEstelle Bourgeon, Charline Bruno[\/vc_column_text][\/vc_column][vc_column width=\u00a0\u00bb1\/2&Prime;][vc_column_text]\n[\/vc_column_text][\/vc_column][\/vc_row]\n","protected":false},"excerpt":{"rendered":"<p>[vc_row el_class=\u00a0\u00bbmentions-legales\u00a0\u00bb][vc_column width=\u00a0\u00bb1\/2&Prime;][vc_column_text]\u00c9DITIONS LIBEL Coordination du projet : Estelle Bourgeon, Beno\u00eet Roux Photographies : Tous droits de reproduction des textes et des images r\u00e9serv\u00e9s et soumis \u00e0 autorisation des \u00e9ditions Libel Production et r\u00e9alisation : \u00c9DITIONS LIBEL, Lyon LA BOITE WEB, Lyon www.laboiteweb.fr Conception graphique, illustrations : Graphica | Fanny Lanz (www.graphica.fr) St\u00e9phane Fr\u00e9mine (www.laboiteweb.fr) [&hellip;]<\/p>\n","protected":false},"author":1,"featured_media":0,"parent":0,"menu_order":0,"comment_status":"closed","ping_status":"closed","template":"","meta":{"footnotes":""},"class_list":["post-897","page","type-page","status-publish","hentry"],"_links":{"self":[{"href":"https:\/\/www.editions-libel.fr\/maison-edition\/wp-json\/wp\/v2\/pages\/897","targetHints":{"allow":["GET"]}}],"collection":[{"href":"https:\/\/www.editions-libel.fr\/maison-edition\/wp-json\/wp\/v2\/pages"}],"about":[{"href":"https:\/\/www.editions-libel.fr\/maison-edition\/wp-json\/wp\/v2\/types\/page"}],"author":[{"embeddable":true,"href":"https:\/\/www.editions-libel.fr\/maison-edition\/wp-json\/wp\/v2\/users\/1"}],"replies":[{"embeddable":true,"href":"https:\/\/www.editions-libel.fr\/maison-edition\/wp-json\/wp\/v2\/comments?post=897"}],"version-history":[{"count":7,"href":"https:\/\/www.editions-libel.fr\/maison-edition\/wp-json\/wp\/v2\/pages\/897\/revisions"}],"predecessor-version":[{"id":2215,"href":"https:\/\/www.editions-libel.fr\/maison-edition\/wp-json\/wp\/v2\/pages\/897\/revisions\/2215"}],"wp:attachment":[{"href":"https:\/\/www.editions-libel.fr\/maison-edition\/wp-json\/wp\/v2\/media?parent=897"}],"curies":[{"name":"wp","href":"https:\/\/api.w.org\/{rel}","templated":true}]}}