{"id":5848,"date":"2019-06-12T09:02:16","date_gmt":"2019-06-12T08:02:16","guid":{"rendered":"http:\/\/dev.editions-libel.fr\/2019\/?page_id=5848"},"modified":"2019-06-26T17:37:54","modified_gmt":"2019-06-26T16:37:54","slug":"paiement-securise","status":"publish","type":"page","link":"https:\/\/www.editions-libel.fr\/maison-edition\/paiement-securise\/","title":{"rendered":"Paiement s\u00e9curis\u00e9"},"content":{"rendered":"<h4>Le site editions-libel.fr fait l\u2019objet d\u2019un syst\u00e8me de s\u00e9curisation des plus performants.<\/h4>\n<p>Nous avons adopt\u00e9 la solution de paiement s\u00e9curis\u00e9 Monetico Paiement de la banque Cr\u00e9dit Mutuel.<\/p>\n<p>Chacune des transactions de paiement est effectu\u00e9e sur la plateforme technique Monetico Paiement. \u00c0 aucun moment nous ne voyons ou nous ne stockons vos coordonn\u00e9es bancaires.<\/p>\n<p><strong>S\u00e9curit\u00e9 des donn\u00e9es :<\/strong><\/p>\n<ul>\n<li>Protocole SSL (Secure Socket Layer) 128 Bits.<\/li>\n<li>Protocole 3D Secure.<\/li>\n<\/ul>\n<h4>Proc\u00e9dures :<\/h4>\n<p>Lors de votre visite toutes les donn\u00e9es personnelles \u00e9chang\u00e9es sont crypt\u00e9es \u00e0 l&rsquo;aide de la technologie SSL (Secure Socket Layer). C&rsquo;est le cas pour votre espace client, l&rsquo;historique de votre compte, et le processus de commande. Vous pouvez-vous en rendre compte gr\u00e2ce \u00e0 l&rsquo;utilisation du protocole HTTPS affich\u00e9 avant notre nom de domaine dans la barre d&rsquo;adresse de votre navigateur.<\/p>\n<p><strong>Le paiement des achats s\u2019effectue au moyen d\u2019une carte de paiement. Les cartes de paiement accept\u00e9es \u00e0 ce jour sont :<\/strong><\/p>\n<ul>\n<li>Carte Bleue \/ Visa<\/li>\n<li>EuroCard \/ MasterCard<\/li>\n<\/ul>\n<p>Pour chaque commande, une demande de d\u00e9bit du compte bancaire du client sera envoy\u00e9e dans un d\u00e9lai de 24 heures \u00e0 sa banque. La commande sera consid\u00e9r\u00e9e comme effective apr\u00e8s confirmation de l\u2019accord des centres de paiement bancaire.<\/p>\n<p>Il appartient au client d\u2019enregistrer et d\u2019imprimer son certificat de paiement s\u2019il souhaite conserver ses d\u00e9tails bancaires et relatifs \u00e0 sa transaction.<\/p>\n<p>Le client garantit qu\u2019il est pleinement habilit\u00e9 \u00e0 utiliser la carte de paiement pour le r\u00e8glement de sa commande et que ces moyens de paiement donnent acc\u00e8s \u00e0 des fonds suffisants pour couvrir tous les co\u00fbts r\u00e9sultant de l\u2019utilisation de nos services.<\/p>\n","protected":false},"excerpt":{"rendered":"<p>Le site editions-libel.fr fait l\u2019objet d\u2019un syst\u00e8me de s\u00e9curisation des plus performants. Nous avons adopt\u00e9 la solution de paiement s\u00e9curis\u00e9 Monetico Paiement de la banque Cr\u00e9dit Mutuel. Chacune des transactions de paiement est effectu\u00e9e sur la plateforme technique Monetico Paiement. \u00c0 aucun moment nous ne voyons ou nous ne stockons vos coordonn\u00e9es bancaires. S\u00e9curit\u00e9 des [&hellip;]<\/p>\n","protected":false},"author":93,"featured_media":0,"parent":0,"menu_order":0,"comment_status":"closed","ping_status":"closed","template":"","meta":{"footnotes":""},"class_list":["post-5848","page","type-page","status-publish","hentry"],"_links":{"self":[{"href":"https:\/\/www.editions-libel.fr\/maison-edition\/wp-json\/wp\/v2\/pages\/5848","targetHints":{"allow":["GET"]}}],"collection":[{"href":"https:\/\/www.editions-libel.fr\/maison-edition\/wp-json\/wp\/v2\/pages"}],"about":[{"href":"https:\/\/www.editions-libel.fr\/maison-edition\/wp-json\/wp\/v2\/types\/page"}],"author":[{"embeddable":true,"href":"https:\/\/www.editions-libel.fr\/maison-edition\/wp-json\/wp\/v2\/users\/93"}],"replies":[{"embeddable":true,"href":"https:\/\/www.editions-libel.fr\/maison-edition\/wp-json\/wp\/v2\/comments?post=5848"}],"version-history":[{"count":5,"href":"https:\/\/www.editions-libel.fr\/maison-edition\/wp-json\/wp\/v2\/pages\/5848\/revisions"}],"predecessor-version":[{"id":6211,"href":"https:\/\/www.editions-libel.fr\/maison-edition\/wp-json\/wp\/v2\/pages\/5848\/revisions\/6211"}],"wp:attachment":[{"href":"https:\/\/www.editions-libel.fr\/maison-edition\/wp-json\/wp\/v2\/media?parent=5848"}],"curies":[{"name":"wp","href":"https:\/\/api.w.org\/{rel}","templated":true}]}}