{"id":5844,"date":"2019-06-12T08:49:14","date_gmt":"2019-06-12T07:49:14","guid":{"rendered":"http:\/\/dev.editions-libel.fr\/2019\/?page_id=5844"},"modified":"2019-06-12T08:49:14","modified_gmt":"2019-06-12T07:49:14","slug":"livraison-retour","status":"publish","type":"page","link":"https:\/\/www.editions-libel.fr\/maison-edition\/livraison-retour\/","title":{"rendered":"Livraison &#038; Retour"},"content":{"rendered":"<h4>Livraison, d\u00e9lais, frais de port<\/h4>\n<p>Sauf disposition contraire, les articles sont livr\u00e9s \u00e0 l\u2019adresse de livraison indiqu\u00e9e lors de la commande. Il est pr\u00e9f\u00e9rable d\u2019indiquer une adresse o\u00f9 la commande pourra \u00eatre r\u00e9ceptionn\u00e9e aux heures ouvrables.<br \/>\nLes d\u00e9lais sont variables selon la zone d\u2019envoi. La responsabilit\u00e9 des \u00c9ditions Libel ne pourra \u00eatre engag\u00e9e en cas de retard de livraison. Les \u00c9ditions Libel s\u2019engagent toutefois \u00e0 traiter les commandes dans les meilleurs d\u00e9lais.<br \/>\nEn cas de commande r\u00e9gl\u00e9e par ch\u00e8que, celle-ci n\u2019est trait\u00e9e qu\u2019\u00e0 r\u00e9ception dudit r\u00e8glement \u2013 les d\u00e9lais d\u2019exp\u00e9dition et de traitement de la commande se trouvant rallong\u00e9s d\u2019autant.<br \/>\nEn cas de livraison hors de France m\u00e9tropolitaine, les articles command\u00e9s sont import\u00e9s dans le pays de destination par et sous la responsabilit\u00e9 du client. Les \u00e9ventuels frais de douanes ou taxes locales sont \u00e0 sa charge exclusive.<\/p>\n<h4>Retours et remboursement<\/h4>\n<p>Le client dispose d\u2019un d\u00e9lai de trente (30) jours francs \u00e0 compter de la r\u00e9ception de la commande (avec copie de la facture concern\u00e9e et motif du retour) pour se voir \u00e9changer ou rembourser sa commande, sans p\u00e9nalit\u00e9. Les frais de retour sont toutefois \u00e0 sa charge.<\/p>\n<p>Seuls les produits retourn\u00e9s complets, en parfait \u00e9tat et non ouverts dans leur emballage d\u2019origine sont repris ou \u00e9chang\u00e9s. Les produits doivent \u00eatre retourn\u00e9s \u00e0 l\u2019adresse suivante : \u00c9ditions Libel, 9 rue Franklin, 69002 Lyon.<\/p>\n<p>Pass\u00e9 ce d\u00e9lai de trente jours, les produits livr\u00e9s sont r\u00e9put\u00e9s conformes \u00e0 la commande et accept\u00e9s par le client.<\/p>\n","protected":false},"excerpt":{"rendered":"<p>Livraison, d\u00e9lais, frais de port Sauf disposition contraire, les articles sont livr\u00e9s \u00e0 l\u2019adresse de livraison indiqu\u00e9e lors de la commande. Il est pr\u00e9f\u00e9rable d\u2019indiquer une adresse o\u00f9 la commande pourra \u00eatre r\u00e9ceptionn\u00e9e aux heures ouvrables. Les d\u00e9lais sont variables selon la zone d\u2019envoi. La responsabilit\u00e9 des \u00c9ditions Libel ne pourra \u00eatre engag\u00e9e en cas [&hellip;]<\/p>\n","protected":false},"author":93,"featured_media":0,"parent":0,"menu_order":0,"comment_status":"closed","ping_status":"closed","template":"","meta":{"footnotes":""},"class_list":["post-5844","page","type-page","status-publish","hentry"],"_links":{"self":[{"href":"https:\/\/www.editions-libel.fr\/maison-edition\/wp-json\/wp\/v2\/pages\/5844","targetHints":{"allow":["GET"]}}],"collection":[{"href":"https:\/\/www.editions-libel.fr\/maison-edition\/wp-json\/wp\/v2\/pages"}],"about":[{"href":"https:\/\/www.editions-libel.fr\/maison-edition\/wp-json\/wp\/v2\/types\/page"}],"author":[{"embeddable":true,"href":"https:\/\/www.editions-libel.fr\/maison-edition\/wp-json\/wp\/v2\/users\/93"}],"replies":[{"embeddable":true,"href":"https:\/\/www.editions-libel.fr\/maison-edition\/wp-json\/wp\/v2\/comments?post=5844"}],"version-history":[{"count":1,"href":"https:\/\/www.editions-libel.fr\/maison-edition\/wp-json\/wp\/v2\/pages\/5844\/revisions"}],"predecessor-version":[{"id":5845,"href":"https:\/\/www.editions-libel.fr\/maison-edition\/wp-json\/wp\/v2\/pages\/5844\/revisions\/5845"}],"wp:attachment":[{"href":"https:\/\/www.editions-libel.fr\/maison-edition\/wp-json\/wp\/v2\/media?parent=5844"}],"curies":[{"name":"wp","href":"https:\/\/api.w.org\/{rel}","templated":true}]}}