{"id":4776,"date":"2019-05-10T13:24:47","date_gmt":"2019-05-10T12:24:47","guid":{"rendered":"http:\/\/dev.editions-libel.fr\/2019\/?page_id=4776"},"modified":"2025-09-16T14:59:49","modified_gmt":"2025-09-16T12:59:49","slug":"accueil-2019-b","status":"publish","type":"page","link":"https:\/\/www.editions-libel.fr\/maison-edition\/","title":{"rendered":"Accueil 2019 B"},"content":{"rendered":"[vc_row][vc_column][rev_slider_vc alias=\u00a0\u00bbACCUEIL\u00a0\u00bb][\/vc_column][\/vc_row][vc_row full_width=\u00a0\u00bbstretch_row_content_no_spaces_content\u00a0\u00bb css=\u00a0\u00bb.vc_custom_1557905357766{padding-top: 40px !important;padding-bottom: 40px !important;background-color: #ede8de !important;}\u00a0\u00bb][vc_column][vc_column_text el_class=\u00a0\u00bbtexte-accueil\u00a0\u00bb]\n<h3 style=\"text-align: center;\"><strong><span style=\"font-size: 25px; line-height: 28px;\">Les \u00e9ditions Libel publient, entre Rh\u00f4ne et Sa\u00f4ne,<br \/>\ndes beaux livres dans les domaines du patrimoine,<br \/>\nde la photographie et des beaux-arts.<\/span><\/strong><\/h3>\n[\/vc_column_text][\/vc_column][\/vc_row][vc_row][vc_column][vc_empty_space][be_product_slide option=\u00a0\u00bbzoom\u00a0\u00bb enabled_wishlist=\u00a0\u00bbNo\u00a0\u00bb enabled_add_cart=\u00a0\u00bbNo\u00a0\u00bb category=\u00a0\u00bbNouveaut\u00e9s\u00a0\u00bb center_title=\u00a0\u00bbtrue\u00a0\u00bb color=\u00a0\u00bb#ffffff\u00a0\u00bb slide_title=\u00a0\u00bbNos derni\u00e8res parutions\u00a0\u00bb][\/vc_column][\/vc_row][vc_row][vc_column][vc_empty_space][be_singer_book option=\u00a0\u00bbbest-sale\u00a0\u00bb enabled_price=\u00a0\u00bbNo\u00a0\u00bb flip=\u00a0\u00bbtrue\u00a0\u00bb title_single=\u00a0\u00bb\u00c0 la une\u00a0\u00bb id_product=\u00a0\u00bb10709&Prime;]\n<h1><strong>L&rsquo;authentique esprit des gones<\/strong><\/h1>\n[\/be_singer_book][vc_empty_space][\/vc_column][\/vc_row][vc_row full_width=\u00a0\u00bbstretch_row\u00a0\u00bb css=\u00a0\u00bb.vc_custom_1564591800730{margin-top: 80px !important;background-color: #ede8de !important;}\u00a0\u00bb][vc_column][be_subcribeform subcribe_type=\u00a0\u00bbfull_layout\u00a0\u00bb subcribe_title=\u00a0\u00bbNEWSLETTER\u00a0\u00bb subcribe_description=\u00a0\u00bbRecevez nos actualit\u00e9s dans votre bo\u00eete mail !\u00a0\u00bb][vc_btn title=\u00a0\u00bbS&rsquo;ABONNER\u00a0\u00bb color=\u00a0\u00bbwarning\u00a0\u00bb size=\u00a0\u00bblg\u00a0\u00bb align=\u00a0\u00bbcenter\u00a0\u00bb css_animation=\u00a0\u00bbright-to-left\u00a0\u00bb link=\u00a0\u00bburl:https%3A%2F%2Fwww.editions-libel.fr%2Fmaison-edition%2Flettre-information%2F|title:Lettre%20d%E2%80%99information||\u00a0\u00bb css=\u00a0\u00bb.vc_custom_1564591287197{margin-top: 0px !important;}\u00a0\u00bb][\/vc_column][\/vc_row]\n","protected":false},"excerpt":{"rendered":"<p>[vc_row][vc_column][rev_slider_vc alias=\u00a0\u00bbACCUEIL\u00a0\u00bb][\/vc_column][\/vc_row][vc_row full_width=\u00a0\u00bbstretch_row_content_no_spaces_content\u00a0\u00bb css=\u00a0\u00bb.vc_custom_1557905357766{padding-top: 40px !important;padding-bottom: 40px !important;background-color: #ede8de !important;}\u00a0\u00bb][vc_column][vc_column_text el_class=\u00a0\u00bbtexte-accueil\u00a0\u00bb] Les \u00e9ditions Libel publient, entre Rh\u00f4ne et Sa\u00f4ne, des beaux livres dans les domaines du patrimoine, de la photographie et des beaux-arts. [\/vc_column_text][\/vc_column][\/vc_row][vc_row][vc_column][vc_empty_space][be_product_slide option=\u00a0\u00bbzoom\u00a0\u00bb enabled_wishlist=\u00a0\u00bbNo\u00a0\u00bb enabled_add_cart=\u00a0\u00bbNo\u00a0\u00bb category=\u00a0\u00bbNouveaut\u00e9s\u00a0\u00bb center_title=\u00a0\u00bbtrue\u00a0\u00bb color=\u00a0\u00bb#ffffff\u00a0\u00bb slide_title=\u00a0\u00bbNos derni\u00e8res parutions\u00a0\u00bb][\/vc_column][\/vc_row][vc_row][vc_column][vc_empty_space][be_singer_book option=\u00a0\u00bbbest-sale\u00a0\u00bb enabled_price=\u00a0\u00bbNo\u00a0\u00bb flip=\u00a0\u00bbtrue\u00a0\u00bb title_single=\u00a0\u00bb\u00c0 la une\u00a0\u00bb id_product=\u00a0\u00bb10709&Prime;] L&rsquo;authentique esprit des gones [\/be_singer_book][vc_empty_space][\/vc_column][\/vc_row][vc_row [&hellip;]<\/p>\n","protected":false},"author":93,"featured_media":0,"parent":0,"menu_order":0,"comment_status":"closed","ping_status":"closed","template":"templates\/template-blank.php","meta":{"footnotes":""},"class_list":["post-4776","page","type-page","status-publish","hentry"],"_links":{"self":[{"href":"https:\/\/www.editions-libel.fr\/maison-edition\/wp-json\/wp\/v2\/pages\/4776","targetHints":{"allow":["GET"]}}],"collection":[{"href":"https:\/\/www.editions-libel.fr\/maison-edition\/wp-json\/wp\/v2\/pages"}],"about":[{"href":"https:\/\/www.editions-libel.fr\/maison-edition\/wp-json\/wp\/v2\/types\/page"}],"author":[{"embeddable":true,"href":"https:\/\/www.editions-libel.fr\/maison-edition\/wp-json\/wp\/v2\/users\/93"}],"replies":[{"embeddable":true,"href":"https:\/\/www.editions-libel.fr\/maison-edition\/wp-json\/wp\/v2\/comments?post=4776"}],"version-history":[{"count":141,"href":"https:\/\/www.editions-libel.fr\/maison-edition\/wp-json\/wp\/v2\/pages\/4776\/revisions"}],"predecessor-version":[{"id":10716,"href":"https:\/\/www.editions-libel.fr\/maison-edition\/wp-json\/wp\/v2\/pages\/4776\/revisions\/10716"}],"wp:attachment":[{"href":"https:\/\/www.editions-libel.fr\/maison-edition\/wp-json\/wp\/v2\/media?parent=4776"}],"curies":[{"name":"wp","href":"https:\/\/api.w.org\/{rel}","templated":true}]}}