{"id":4468,"date":"2019-01-24T17:44:08","date_gmt":"2019-01-24T16:44:08","guid":{"rendered":"http:\/\/www.editions-libel.fr\/maison-edition\/?page_id=4468"},"modified":"2025-09-11T10:27:43","modified_gmt":"2025-09-11T08:27:43","slug":"diffusion-distribution","status":"publish","type":"page","link":"https:\/\/www.editions-libel.fr\/maison-edition\/diffusion-distribution\/","title":{"rendered":"Diffusion"},"content":{"rendered":"[vc_row el_class=\u00a0\u00bbqui-sommes-nous\u00a0\u00bb][vc_column width=\u00a0\u00bb1\/6&Prime;][vc_single_image image=\u00a0\u00bb588&Prime; img_size=\u00a0\u00bb285\u2006\u00d7\u2006268&Prime;][\/vc_column][vc_column width=\u00a0\u00bb2\/6&Prime; el_class=\u00a0\u00bbsans_hachures\u00a0\u00bb][vc_column_text]\n<h4 class=\"p1\">Vous \u00eates libraire et souhaitez commander un de nos titres ?<\/h4>\n<p class=\"p3\">Maison d\u2019\u00e9dition ind\u00e9pendante, les \u00e9ditions Libel sont aussi une plateforme de diffusion\/distribution. Tous nos ouvrages sont r\u00e9f\u00e9renc\u00e9s sur les bases professionnelles du livre et distribu\u00e9s directement en France et \u00e0 l\u2019\u00e9tranger.<\/p>\n<p class=\"p1\">Vous pouvez commander via <strong>Dilicom<\/strong> (Gencod : 3012490710014) ou <span style=\"text-decoration: underline;\"><a href=\"mailto:contact@editions-libel.fr\">en prenant directement contact avec nous<\/a><\/span>.<\/p>\n<p>Nous travaillons avec <strong>PRISME<\/strong> (exp\u00e9ditions group\u00e9es 2 fois par semaine), La Poste et des transporteurs tels que GLS (partage des frais de port \u00e0 hauteur de 50%). Toutes les commandes re\u00e7ues sont trait\u00e9es le jour m\u00eame et exp\u00e9di\u00e9es dans les 48 heures.<\/p>\n<p><em><strong>Nos conditions commerciales sont les suivantes<\/strong> :<\/em><br \/>\nSur facturation : 33% sur votre 1\u00e8re commande, 35% d\u00e8s la deuxi\u00e8me<br \/>\nSur d\u00e9p\u00f4t : 30% de remise<br \/>\nFacult\u00e9 de retour d&rsquo;un an \u00e0 compter de la date de commande, hors livres ab\u00eem\u00e9s.<\/p>\n<p>N&rsquo;h\u00e9sitez pas \u00e0 nous contacter pour toute demande particuli\u00e8re, nous avons \u00e0 c\u0153ur de proposer des conditions commerciales adapt\u00e9es si besoin ![\/vc_column_text][\/vc_column][vc_column width=\u00a0\u00bb1\/2&Prime; offset=\u00a0\u00bbvc_col-lg-6 vc_col-md-2&Prime;][vc_column_text]<strong><span class=\"Titre\">Nous contacter<\/span><\/strong><\/p>\n<p><span class=\"Texte\"><a href=\"https:\/\/www.google.fr\/maps\/place\/9+Rue+Franklin,+69002+Lyon\/@45.7534145,4.8242714,17z\/data=!3m1!4b1!4m2!3m1!1s0x47f4ebb2c033f6eb:0x939715c537cd3782\" target=\"_blank\" rel=\"noopener noreferrer\">9, rue Franklin<br \/>\n69002 LYON<\/a><br \/>\nT\u00e9l \/ Fax : 04 72 16 93 72<\/span><\/p>\n<p><a href=\"mailto:contact@editions-libel.fr\">contact@editions-libel.fr<\/a>[\/vc_column_text][\/vc_column][\/vc_row]\n","protected":false},"excerpt":{"rendered":"<p>[vc_row el_class=\u00a0\u00bbqui-sommes-nous\u00a0\u00bb][vc_column width=\u00a0\u00bb1\/6&Prime;][vc_single_image image=\u00a0\u00bb588&Prime; img_size=\u00a0\u00bb285\u2006\u00d7\u2006268&Prime;][\/vc_column][vc_column width=\u00a0\u00bb2\/6&Prime; el_class=\u00a0\u00bbsans_hachures\u00a0\u00bb][vc_column_text] Vous \u00eates libraire et souhaitez commander un de nos titres ? Maison d\u2019\u00e9dition ind\u00e9pendante, les \u00e9ditions Libel sont aussi une plateforme de diffusion\/distribution. Tous nos ouvrages sont r\u00e9f\u00e9renc\u00e9s sur les bases professionnelles du livre et distribu\u00e9s directement en France et \u00e0 l\u2019\u00e9tranger. Vous pouvez commander via Dilicom (Gencod [&hellip;]<\/p>\n","protected":false},"author":93,"featured_media":0,"parent":0,"menu_order":0,"comment_status":"closed","ping_status":"closed","template":"","meta":{"footnotes":""},"class_list":["post-4468","page","type-page","status-publish","hentry"],"_links":{"self":[{"href":"https:\/\/www.editions-libel.fr\/maison-edition\/wp-json\/wp\/v2\/pages\/4468","targetHints":{"allow":["GET"]}}],"collection":[{"href":"https:\/\/www.editions-libel.fr\/maison-edition\/wp-json\/wp\/v2\/pages"}],"about":[{"href":"https:\/\/www.editions-libel.fr\/maison-edition\/wp-json\/wp\/v2\/types\/page"}],"author":[{"embeddable":true,"href":"https:\/\/www.editions-libel.fr\/maison-edition\/wp-json\/wp\/v2\/users\/93"}],"replies":[{"embeddable":true,"href":"https:\/\/www.editions-libel.fr\/maison-edition\/wp-json\/wp\/v2\/comments?post=4468"}],"version-history":[{"count":3,"href":"https:\/\/www.editions-libel.fr\/maison-edition\/wp-json\/wp\/v2\/pages\/4468\/revisions"}],"predecessor-version":[{"id":10705,"href":"https:\/\/www.editions-libel.fr\/maison-edition\/wp-json\/wp\/v2\/pages\/4468\/revisions\/10705"}],"wp:attachment":[{"href":"https:\/\/www.editions-libel.fr\/maison-edition\/wp-json\/wp\/v2\/media?parent=4468"}],"curies":[{"name":"wp","href":"https:\/\/api.w.org\/{rel}","templated":true}]}}